{"id":89,"date":"2026-05-01T18:47:57","date_gmt":"2026-05-01T18:47:57","guid":{"rendered":"https:\/\/patitas.sakai.com.ar\/?page_id=89"},"modified":"2026-05-01T18:50:58","modified_gmt":"2026-05-01T18:50:58","slug":"aboutus","status":"publish","type":"page","link":"https:\/\/patitas.sakai.com.ar\/?page_id=89","title":{"rendered":"aboutus"},"content":{"rendered":"<p>[et_pb_section fb_built=&#8221;1&#8243; _builder_version=&#8221;4.14.7&#8243; _module_preset=&#8221;default&#8221; background_color=&#8221;#55423D&#8221; global_colors_info=&#8221;{}&#8221; theme_builder_area=&#8221;post_content&#8221;][et_pb_row column_structure=&#8221;1_2,1_2&#8243; _builder_version=&#8221;4.14.7&#8243; _module_preset=&#8221;default&#8221; global_colors_info=&#8221;{}&#8221; theme_builder_area=&#8221;post_content&#8221;][et_pb_column type=&#8221;1_2&#8243; _builder_version=&#8221;4.14.7&#8243; _module_preset=&#8221;default&#8221; global_colors_info=&#8221;{}&#8221; theme_builder_area=&#8221;post_content&#8221;][et_pb_image src=&#8221;https:\/\/patitas.sakai.com.ar\/wp-content\/uploads\/2026\/05\/ChatGPT-Image-1-may-2026-10_16_46.png&#8221; title_text=&#8221;ChatGPT Image 1 may 2026, 10_16_46&#8243; _builder_version=&#8221;4.14.7&#8243; _module_preset=&#8221;default&#8221; transform_rotate=&#8221;0deg|0deg|350deg&#8221; global_colors_info=&#8221;{}&#8221; theme_builder_area=&#8221;post_content&#8221;][\/et_pb_image][\/et_pb_column][et_pb_column type=&#8221;1_2&#8243; _builder_version=&#8221;4.14.7&#8243; _module_preset=&#8221;default&#8221; global_colors_info=&#8221;{}&#8221; theme_builder_area=&#8221;post_content&#8221;][et_pb_text _builder_version=&#8221;4.14.7&#8243; _module_preset=&#8221;default&#8221; header_font=&#8221;Lilita One|700|||||||&#8221; header_text_align=&#8221;left&#8221; header_text_color=&#8221;#FAB873&#8243; header_font_size=&#8221;44px&#8221; global_colors_info=&#8221;{}&#8221; theme_builder_area=&#8221;post_content&#8221;]<\/p>\n<h1>BIENVENIDO A \u201cPATITAS\u201d<\/h1>\n<p>[\/et_pb_text][et_pb_text _builder_version=&#8221;4.14.7&#8243; _module_preset=&#8221;default&#8221; text_font=&#8221;Alata||||||||&#8221; text_text_color=&#8221;#FFFFFF&#8221; text_font_size=&#8221;16px&#8221; text_orientation=&#8221;justified&#8221; global_colors_info=&#8221;{}&#8221; theme_builder_area=&#8221;post_content&#8221;]<\/p>\n<p data-start=\"26\" data-end=\"321\">En \u201cPatitas en la Calle\u201d trabajamos con amor y compromiso para ayudar a los perros del Canil Municipal de Villa Elisa. Somos un grupo de voluntarios que, desde hace m\u00e1s de un a\u00f1o, dedica tiempo y esfuerzo a brindarles una mejor vida a nuestros pichichos mientras esperan una familia que los ame.<\/p>\n<p data-start=\"323\" data-end=\"578\">Nuestro mayor sue\u00f1o es poder contar con un nuevo refugio, un espacio adecuado donde puedan recibir la atenci\u00f3n, el cuidado y el bienestar que merecen. Buscamos ofrecerles alimentaci\u00f3n, asistencia veterinaria y, sobre todo, mucho cari\u00f1o durante su estad\u00eda.<\/p>\n<p data-start=\"580\" data-end=\"774\" data-is-last-node=\"\" data-is-only-node=\"\">Adem\u00e1s, promovemos la adopci\u00f3n responsable y la concientizaci\u00f3n sobre la esterilizaci\u00f3n, porque creemos que entre todos podemos construir un futuro mejor para los animales que m\u00e1s nos necesitan.<\/p>\n<p>[\/et_pb_text][\/et_pb_column][\/et_pb_row][\/et_pb_section]<\/p>\n","protected":false},"excerpt":{"rendered":"<p>BIENVENIDO A \u201cPATITAS\u201dEn \u201cPatitas en la Calle\u201d trabajamos con amor y compromiso para ayudar a los perros del Canil Municipal de Villa Elisa. Somos un grupo de voluntarios que, desde hace m\u00e1s de un a\u00f1o, dedica tiempo y esfuerzo a brindarles una mejor vida a nuestros pichichos mientras esperan una familia que los ame. Nuestro [&hellip;]<\/p>\n","protected":false},"author":1,"featured_media":0,"parent":0,"menu_order":0,"comment_status":"closed","ping_status":"closed","template":"","meta":{"_et_pb_use_builder":"on","_et_pb_old_content":"","_et_gb_content_width":"","footnotes":""},"class_list":["post-89","page","type-page","status-publish","hentry"],"_links":{"self":[{"href":"https:\/\/patitas.sakai.com.ar\/index.php?rest_route=\/wp\/v2\/pages\/89","targetHints":{"allow":["GET"]}}],"collection":[{"href":"https:\/\/patitas.sakai.com.ar\/index.php?rest_route=\/wp\/v2\/pages"}],"about":[{"href":"https:\/\/patitas.sakai.com.ar\/index.php?rest_route=\/wp\/v2\/types\/page"}],"author":[{"embeddable":true,"href":"https:\/\/patitas.sakai.com.ar\/index.php?rest_route=\/wp\/v2\/users\/1"}],"replies":[{"embeddable":true,"href":"https:\/\/patitas.sakai.com.ar\/index.php?rest_route=%2Fwp%2Fv2%2Fcomments&post=89"}],"version-history":[{"count":3,"href":"https:\/\/patitas.sakai.com.ar\/index.php?rest_route=\/wp\/v2\/pages\/89\/revisions"}],"predecessor-version":[{"id":94,"href":"https:\/\/patitas.sakai.com.ar\/index.php?rest_route=\/wp\/v2\/pages\/89\/revisions\/94"}],"wp:attachment":[{"href":"https:\/\/patitas.sakai.com.ar\/index.php?rest_route=%2Fwp%2Fv2%2Fmedia&parent=89"}],"curies":[{"name":"wp","href":"https:\/\/api.w.org\/{rel}","templated":true}]}}