{"id":11,"date":"2026-05-01T01:13:18","date_gmt":"2026-05-01T01:13:18","guid":{"rendered":"https:\/\/patitas.sakai.com.ar\/?page_id=11"},"modified":"2026-05-02T06:39:38","modified_gmt":"2026-05-02T06:39:38","slug":"11-2","status":"publish","type":"page","link":"https:\/\/patitas.sakai.com.ar\/","title":{"rendered":"Home"},"content":{"rendered":"<p>[et_pb_section fb_built=&#8221;1&#8243; fullwidth=&#8221;on&#8221; _builder_version=&#8221;4.14.7&#8243; _module_preset=&#8221;default&#8221; background_color=&#8221;#55423D&#8221; global_colors_info=&#8221;{}&#8221;][et_pb_fullwidth_slider _builder_version=&#8221;4.14.7&#8243; _module_preset=&#8221;default&#8221; background_color=&#8221;#55423D&#8221; hover_enabled=&#8221;0&#8243; global_colors_info=&#8221;{}&#8221; sticky_enabled=&#8221;0&#8243;][et_pb_slide heading=&#8221;Unite a Patitas&#8221; button_text=&#8221;Unirme&#8221; button_link=&#8221;https:\/\/patitas.sakai.com.ar\/?page_id=115&#8243; image=&#8221;https:\/\/patitas.sakai.com.ar\/wp-content\/uploads\/2026\/05\/ChatGPT-Image-1-may-2026-13_23_51.png&#8221; use_bg_overlay=&#8221;off&#8221; use_text_overlay=&#8221;off&#8221; arrows_custom_color=&#8221;#F7F0E4&#8243; dot_nav_custom_color=&#8221;#F7F0E4&#8243; _builder_version=&#8221;4.14.7&#8243; _module_preset=&#8221;default&#8221; header_font=&#8221;Lilita One|700||on|||||&#8221; header_text_color=&#8221;#FAB873&#8243; header_font_size=&#8221;60px&#8221; body_font=&#8221;Alata||||||||&#8221; body_text_color=&#8221;#F7F0E4&#8243; body_font_size=&#8221;20px&#8221; background_enable_color=&#8221;off&#8221; custom_button=&#8221;on&#8221; button_text_color=&#8221;#55423D&#8221; button_bg_color=&#8221;#FAB873&#8243; button_border_radius=&#8221;10px&#8221; button_letter_spacing=&#8221;0px&#8221; button_font=&#8221;Alata|700||on|||||&#8221; button_use_icon=&#8221;on&#8221; button_icon=&#8221;&#xf1b0;||fa||900&#8243; button_alignment=&#8221;left&#8221; global_colors_info=&#8221;{}&#8221; sticky_transition=&#8221;on&#8221;]<\/p>\n<p>En <span class=\"hover:entity-accent entity-underline inline cursor-pointer align-baseline\"><span class=\"whitespace-normal\">Patitas<\/span><\/span> cada ayuda cambia una vida.<br data-start=\"68\" data-end=\"71\" \/>Hazte <strong>socio<\/strong> y colabor\u00e1 mensualmente con alimentos, rescates, cirug\u00edas, rehabilitaci\u00f3n, atenci\u00f3n veterinaria y esterilizaciones para darles una segunda oportunidad.<br data-start=\"207\" data-end=\"210\" \/>Sumate y ayudanos a seguir salvando patitas todos los d\u00edas.<\/p>\n<p>[\/et_pb_slide][et_pb_slide heading=&#8221;Voluntarios&#8221; button_text=&#8221;UNIRSE&#8221; button_link=&#8221;https:\/\/patitas.sakai.com.ar\/?page_id=118&#8243; image=&#8221;https:\/\/patitas.sakai.com.ar\/wp-content\/uploads\/2026\/05\/ChatGPT-Image-1-may-2026-19_45_21.png&#8221; arrows_custom_color=&#8221;#F7F0E4&#8243; dot_nav_custom_color=&#8221;#F7F0E4&#8243; _builder_version=&#8221;4.14.7&#8243; _module_preset=&#8221;default&#8221; header_font=&#8221;Lilita One|700|||||||&#8221; header_text_color=&#8221;#FAB873&#8243; header_font_size=&#8221;70px&#8221; body_font=&#8221;Alata||||||||&#8221; body_font_size=&#8221;20px&#8221; background_color=&#8221;#55423D&#8221; background_enable_color=&#8221;on&#8221; custom_button=&#8221;on&#8221; button_text_color=&#8221;#55423D&#8221; button_bg_color=&#8221;#FAB873&#8243; button_border_radius=&#8221;10px&#8221; button_font=&#8221;Alata|700||on|||||&#8221; button_use_icon=&#8221;on&#8221; button_icon=&#8221;&#xf1b0;||fa||900&#8243; global_colors_info=&#8221;{}&#8221; sticky_transition=&#8221;on&#8221;]<\/p>\n<p>En <span class=\"hover:entity-accent entity-underline inline cursor-pointer align-baseline\"><span class=\"whitespace-normal\">Patitas<\/span><\/span> tambi\u00e9n pod\u00e9s ayudar con tu tiempo y tu cari\u00f1o.<br data-start=\"88\" data-end=\"91\" \/>Sumate como voluntario en rescates, traslados, cuidados y acompa\u00f1amiento de nuestros animales.<br data-start=\"185\" data-end=\"188\" \/>Cada mano que se une hace la diferencia.<\/p>\n<p>[\/et_pb_slide][et_pb_slide heading=&#8221;Donaciones&#8221; button_text=&#8221;Donar&#8221; image=&#8221;https:\/\/patitas.sakai.com.ar\/wp-content\/uploads\/2026\/05\/ChatGPT-Image-2-may-2026-01_30_19.png&#8221; use_bg_overlay=&#8221;off&#8221; use_text_overlay=&#8221;off&#8221; arrows_custom_color=&#8221;#F7F0E4&#8243; dot_nav_custom_color=&#8221;#F7F0E4&#8243; _builder_version=&#8221;4.14.7&#8243; _module_preset=&#8221;default&#8221; header_font=&#8221;Lilita One|700||on|||||&#8221; header_text_color=&#8221;#FAB873&#8243; header_font_size=&#8221;60px&#8221; body_font=&#8221;Alata||||||||&#8221; body_text_color=&#8221;#F7F0E4&#8243; body_font_size=&#8221;20px&#8221; background_enable_color=&#8221;off&#8221; custom_button=&#8221;on&#8221; button_text_color=&#8221;#55423D&#8221; button_bg_color=&#8221;#FAB873&#8243; button_border_radius=&#8221;10px&#8221; button_letter_spacing=&#8221;0px&#8221; button_font=&#8221;Alata|700||on|||||&#8221; button_use_icon=&#8221;on&#8221; button_icon=&#8221;&#xf1b0;||fa||900&#8243; button_alignment=&#8221;left&#8221; hover_enabled=&#8221;0&#8243; global_colors_info=&#8221;{}&#8221; sticky_transition=&#8221;on&#8221; button_link=&#8221;https:\/\/patitas.sakai.com.ar\/?page_id=148&#8243; sticky_enabled=&#8221;0&#8243;]<\/p>\n<p>Cada donaci\u00f3n a <span class=\"hover:entity-accent entity-underline inline cursor-pointer align-baseline\"><span class=\"whitespace-normal\">Patitas<\/span><\/span> nos ayuda a seguir rescatando y cuidando animales.<br data-start=\"104\" data-end=\"107\" \/>Tu aporte, por \u00fanico que sea, suma alimento, atenci\u00f3n veterinaria y nuevas oportunidades.<br data-start=\"196\" data-end=\"199\" \/>Ayudanos a cambiar vidas con una donaci\u00f3n solidaria.<\/p>\n<p>[\/et_pb_slide][\/et_pb_fullwidth_slider][\/et_pb_section][et_pb_section fb_built=&#8221;1&#8243; _builder_version=&#8221;4.14.7&#8243; _module_preset=&#8221;default&#8221; background_color=&#8221;#785224&#8243; global_colors_info=&#8221;{}&#8221;][et_pb_row column_structure=&#8221;1_2,1_2&#8243; _builder_version=&#8221;4.14.7&#8243; _module_preset=&#8221;default&#8221; global_colors_info=&#8221;{}&#8221;][et_pb_column type=&#8221;1_2&#8243; _builder_version=&#8221;4.14.7&#8243; _module_preset=&#8221;default&#8221; global_colors_info=&#8221;{}&#8221;][et_pb_image src=&#8221;https:\/\/patitas.sakai.com.ar\/wp-content\/uploads\/2026\/05\/ChatGPT-Image-1-may-2026-12_09_22.png&#8221; title_text=&#8221;ChatGPT Image 1 may 2026, 12_09_22&#8243; _builder_version=&#8221;4.14.7&#8243; _module_preset=&#8221;default&#8221; global_colors_info=&#8221;{}&#8221;][\/et_pb_image][\/et_pb_column][et_pb_column type=&#8221;1_2&#8243; _builder_version=&#8221;4.14.7&#8243; _module_preset=&#8221;default&#8221; global_colors_info=&#8221;{}&#8221;][et_pb_text _builder_version=&#8221;4.14.7&#8243; _module_preset=&#8221;default&#8221; header_font=&#8221;Lilita One|700|||||||&#8221; header_text_align=&#8221;right&#8221; header_text_color=&#8221;#FAB873&#8243; header_font_size=&#8221;60px&#8221; global_colors_info=&#8221;{}&#8221;]<\/p>\n<h1>ADOPTA Y TEN UN<\/h1>\n<p>[\/et_pb_text][et_pb_text _builder_version=&#8221;4.14.7&#8243; _module_preset=&#8221;default&#8221; header_font=&#8221;Lilita One|700|||||||&#8221; header_text_align=&#8221;right&#8221; header_text_color=&#8221;#F7F0E4&#8243; header_font_size=&#8221;70px&#8221; global_colors_info=&#8221;{}&#8221;]<\/p>\n<h1>AMIGO NUEVO<\/h1>\n<p>[\/et_pb_text][et_pb_button button_url=&#8221;https:\/\/patitas.sakai.com.ar\/?page_id=64&#8243; button_text=&#8221;VER M\u00c1S&#8221; button_alignment=&#8221;right&#8221; _builder_version=&#8221;4.14.7&#8243; _module_preset=&#8221;default&#8221; custom_button=&#8221;on&#8221; button_text_color=&#8221;#55423D&#8221; button_bg_color=&#8221;#FAB873&#8243; button_border_width=&#8221;0px&#8221; button_border_radius=&#8221;10px&#8221; button_font=&#8221;Alata|700|||||||&#8221; button_icon=&#8221;&#xf1b0;||fa||900&#8243; global_colors_info=&#8221;{}&#8221;][\/et_pb_button][et_pb_image src=&#8221;https:\/\/patitas.sakai.com.ar\/wp-content\/uploads\/2026\/05\/ChatGPT-Image-1-may-2026-13_20_59.png&#8221; title_text=&#8221;ChatGPT Image 1 may 2026, 13_20_59&#8243; _builder_version=&#8221;4.14.7&#8243; _module_preset=&#8221;default&#8221; global_colors_info=&#8221;{}&#8221;][\/et_pb_image][\/et_pb_column][\/et_pb_row][\/et_pb_section][et_pb_section fb_built=&#8221;1&#8243; _builder_version=&#8221;4.14.7&#8243; _module_preset=&#8221;default&#8221; background_color=&#8221;#55423D&#8221; global_colors_info=&#8221;{}&#8221;][et_pb_row _builder_version=&#8221;4.14.7&#8243; _module_preset=&#8221;default&#8221; global_colors_info=&#8221;{}&#8221;][et_pb_column type=&#8221;4_4&#8243; _builder_version=&#8221;4.14.7&#8243; _module_preset=&#8221;default&#8221; global_colors_info=&#8221;{}&#8221;][et_pb_text _builder_version=&#8221;4.14.7&#8243; _module_preset=&#8221;default&#8221; text_font=&#8221;Lilita One|700||on|||||&#8221; text_text_color=&#8221;#FAB873&#8243; text_font_size=&#8221;60px&#8221; global_colors_info=&#8221;{}&#8221;]<\/p>\n<p>Eventos<\/p>\n<p>[\/et_pb_text][\/et_pb_column][\/et_pb_row][et_pb_row _builder_version=&#8221;4.14.7&#8243; _module_preset=&#8221;default&#8221; global_colors_info=&#8221;{}&#8221;][et_pb_column type=&#8221;4_4&#8243; _builder_version=&#8221;4.14.7&#8243; _module_preset=&#8221;default&#8221; global_colors_info=&#8221;{}&#8221;][et_pb_post_slider include_categories=&#8221;all&#8221; _builder_version=&#8221;4.14.7&#8243; _module_preset=&#8221;default&#8221; global_colors_info=&#8221;{}&#8221;][\/et_pb_post_slider][\/et_pb_column][\/et_pb_row][\/et_pb_section]<\/p>\n","protected":false},"excerpt":{"rendered":"<p>En Patitas cada ayuda cambia una vida.Hazte socio y colabor\u00e1 mensualmente con alimentos, rescates, cirug\u00edas, rehabilitaci\u00f3n, atenci\u00f3n veterinaria y esterilizaciones para darles una segunda oportunidad.Sumate y ayudanos a seguir salvando patitas todos los d\u00edas.En Patitas tambi\u00e9n pod\u00e9s ayudar con tu tiempo y tu cari\u00f1o.Sumate como voluntario en rescates, traslados, cuidados y acompa\u00f1amiento de nuestros animales.Cada [&hellip;]<\/p>\n","protected":false},"author":1,"featured_media":0,"parent":0,"menu_order":0,"comment_status":"closed","ping_status":"closed","template":"","meta":{"_et_pb_use_builder":"on","_et_pb_old_content":"","_et_gb_content_width":"","footnotes":""},"class_list":["post-11","page","type-page","status-publish","hentry"],"_links":{"self":[{"href":"https:\/\/patitas.sakai.com.ar\/index.php?rest_route=\/wp\/v2\/pages\/11","targetHints":{"allow":["GET"]}}],"collection":[{"href":"https:\/\/patitas.sakai.com.ar\/index.php?rest_route=\/wp\/v2\/pages"}],"about":[{"href":"https:\/\/patitas.sakai.com.ar\/index.php?rest_route=\/wp\/v2\/types\/page"}],"author":[{"embeddable":true,"href":"https:\/\/patitas.sakai.com.ar\/index.php?rest_route=\/wp\/v2\/users\/1"}],"replies":[{"embeddable":true,"href":"https:\/\/patitas.sakai.com.ar\/index.php?rest_route=%2Fwp%2Fv2%2Fcomments&post=11"}],"version-history":[{"count":37,"href":"https:\/\/patitas.sakai.com.ar\/index.php?rest_route=\/wp\/v2\/pages\/11\/revisions"}],"predecessor-version":[{"id":155,"href":"https:\/\/patitas.sakai.com.ar\/index.php?rest_route=\/wp\/v2\/pages\/11\/revisions\/155"}],"wp:attachment":[{"href":"https:\/\/patitas.sakai.com.ar\/index.php?rest_route=%2Fwp%2Fv2%2Fmedia&parent=11"}],"curies":[{"name":"wp","href":"https:\/\/api.w.org\/{rel}","templated":true}]}}